{"id":7,"date":"2018-11-19T00:49:55","date_gmt":"2018-11-19T00:49:55","guid":{"rendered":"http:\/\/victorhutt.com.ar\/?page_id=7"},"modified":"2023-05-19T00:08:13","modified_gmt":"2023-05-19T03:08:13","slug":"materialeseducativos","status":"publish","type":"page","link":"https:\/\/victorhutt.com.ar\/index.php\/materialeseducativos\/","title":{"rendered":"Materiales educativos de V\u00edctor Hutt"},"content":{"rendered":"<p style=\"font-weight: 400;\">P\u00e1gina de V\u00edctor, solo borrador<\/p>\n<p style=\"font-weight: 400;\">victorhutt(arroba)victorhutt.com.ar<\/p>\n<p style=\"font-weight: 400;\"><a href=\"http:\/\/agmer.org.ar\/index\/wp-content\/uploads\/2013\/03\/estudio_sobre_salario_docente_e_r.pdf\">Estudio sobre los salarios docentes de Entre R\u00edos<\/a><\/p>\n<p style=\"font-weight: 400;\"><a href=\"http:\/\/victorhutt.com.ar\/materialdidactica.htm\">Materiales sobre Did\u00e1ctica de la Matem\u00e1tica<\/a><\/p>\n<p style=\"font-weight: 400;\">\n<p>Para profesorados de Inicial, Especial y Primaria:<\/p>\n<p><b>Cuadernos para el aula, Matem\u00e1tica<\/b><\/p>\n<table style=\"height: 73px;\" width=\"742\">\n<tbody>\n<tr>\n<td style=\"text-align: center;\"><a href=\"http:\/\/victorhutt.com.ar\/wp-content\/uploads\/2022\/04\/cuadernos1.pdf\">1er grado<\/a><\/td>\n<td style=\"text-align: center;\"><a href=\"http:\/\/victorhutt.com.ar\/wp-content\/uploads\/2022\/04\/cuadernos2.pdf\">2do grado<\/a><\/td>\n<td style=\"text-align: center;\"><a href=\"http:\/\/victorhutt.com.ar\/wp-content\/uploads\/2022\/04\/cuadernos3.pdf\">3er grado<\/a><\/td>\n<\/tr>\n<tr>\n<td style=\"text-align: center;\"><a href=\"http:\/\/victorhutt.com.ar\/wp-content\/uploads\/2022\/04\/cuadernos4.pdf\">4to grado<\/a><\/td>\n<td style=\"text-align: center;\"><a href=\"http:\/\/victorhutt.com.ar\/wp-content\/uploads\/2022\/04\/cuadernos5.pdf\">5to grado<\/a><\/td>\n<td style=\"text-align: center;\"><a href=\"http:\/\/victorhutt.com.ar\/wp-content\/uploads\/2022\/04\/cuadernos6.pdf\">6to grado<\/a><\/td>\n<\/tr>\n<\/tbody>\n<\/table>\n<p>Lineamientos curriculares para la Educaci\u00f3n Inicial de la Provincia de Entre R\u00edos<\/p>\n<p><a href=\"http:\/\/www.agmeruruguay.com.ar\/lincurricinicial-1.pdf\">Parte 1<\/a>\u00a0<a href=\"http:\/\/www.agmeruruguay.com.ar\/lincurricinicial-2.pdf\">Parte 2<\/a>\u00a0<a href=\"http:\/\/www.agmeruruguay.com.ar\/lincurricinicial-3.pdf\">Parte 3<\/a><\/p>\n<p><a href=\"http:\/\/www.agmeruruguay.com.ar\/resol0475-11matematica.pdf\">Dise\u00f1os curriculares de Primaria: Matem\u00e1tica<\/a><\/p>\n<p style=\"font-weight: 400;\">\n<p><strong>Resoluci\u00f3n 475\/11: Dise\u00f1o Curricular de la Educaci\u00f3n Primaria de Entre R\u00edos<\/strong><\/p>\n<p>Debido al gran tama\u00f1o del archivo hemos tenido que dividirlo en partes, tendr\u00e1n que ir pasando de una a otra y cada una tarda unos segundos en bajar.<\/p>\n<p><a href=\"http:\/\/www.agmeruruguay.com.ar\/resol475-11parte1.pdf\">Resoluci\u00f3n 475\/11 parte 1<\/a><\/p>\n<p><a href=\"http:\/\/www.agmeruruguay.com.ar\/resol475-11parte2.pdf\">Resoluci\u00f3n 475\/11 parte 2<\/a><\/p>\n<p><a href=\"http:\/\/www.agmeruruguay.com.ar\/resol475-11parte3.pdf\">Resoluci\u00f3n 475\/11 parte 3<\/a><\/p>\n<p><a href=\"http:\/\/www.agmeruruguay.com.ar\/resol475-11parte4.pdf\">Resoluci\u00f3n 475\/11 parte 4<\/a><\/p>\n<p><a href=\"http:\/\/www.agmeruruguay.com.ar\/resol475-11parte5.pdf\">Resoluci\u00f3n 475\/11 parte 5<\/a><\/p>\n<p><a href=\"http:\/\/www.agmeruruguay.com.ar\/resol475-11parte6.pdf\">Resoluci\u00f3n 475\/11 parte 6<\/a><\/p>\n<p><a href=\"http:\/\/www.agmeruruguay.com.ar\/resol475-11parte7.pdf\">Resoluci\u00f3n 475\/11 parte 7<\/a><\/p>\n<p>Mi canal de Youtube con explicaciones sobre diversos temas:\u00a0<a href=\"https:\/\/www.youtube.com\/c\/VictorHutt\">https:\/\/www.youtube.com\/c\/V%C3%ADctorHutt<\/a><\/p>\n<table width=\"100%\">\n<tbody>\n<tr>\n<td width=\"441\"><\/td>\n<td><\/td>\n<\/tr>\n<tr>\n<td width=\"441\"><\/td>\n<td><\/td>\n<\/tr>\n<tr>\n<td width=\"441\">Para 4\u00b0 3\u00b0 Colegio Truno Ma\u00f1ana &#8211;<\/p>\n<p>Video: Suma y resta de polinomios<\/p>\n<p><iframe loading=\"lazy\" title=\"Suma y Resta de Polinomios\" width=\"840\" height=\"630\" src=\"https:\/\/www.youtube.com\/embed\/2XmRr_dRJ0A?feature=oembed\" frameborder=\"0\" allow=\"accelerometer; autoplay; clipboard-write; encrypted-media; gyroscope; picture-in-picture; web-share\" allowfullscreen><\/iframe><\/p>\n<p>Multiplicaci\u00f3n de polinomios:<\/p>\n<p><iframe loading=\"lazy\" title=\"Multiplicaci\u00f3n de Polinomios\" width=\"840\" height=\"630\" src=\"https:\/\/www.youtube.com\/embed\/w3-pYw8Nfrc?feature=oembed\" frameborder=\"0\" allow=\"accelerometer; autoplay; clipboard-write; encrypted-media; gyroscope; picture-in-picture; web-share\" allowfullscreen><\/iframe><\/p>\n<p>Divisi\u00f3n de polinomios:<\/p>\n<p><iframe loading=\"lazy\" title=\"Divisi\u00f3n de Polinomios\" width=\"840\" height=\"630\" src=\"https:\/\/www.youtube.com\/embed\/8L0XNo1bVrs?feature=oembed\" frameborder=\"0\" allow=\"accelerometer; autoplay; clipboard-write; encrypted-media; gyroscope; picture-in-picture; web-share\" allowfullscreen><\/iframe><\/p>\n<p>Regla de Ruffini:<\/p>\n<p><iframe loading=\"lazy\" title=\"Regla de Ruffini\" width=\"840\" height=\"630\" src=\"https:\/\/www.youtube.com\/embed\/-C9BqOr-UqU?start=4&#038;feature=oembed\" frameborder=\"0\" allow=\"accelerometer; autoplay; clipboard-write; encrypted-media; gyroscope; picture-in-picture; web-share\" allowfullscreen><\/iframe><\/p>\n<p>Teorema del resto:<\/p>\n<p><iframe loading=\"lazy\" title=\"Teorema del Resto\" width=\"840\" height=\"630\" src=\"https:\/\/www.youtube.com\/embed\/zGWRDH6F0Lw?feature=oembed\" frameborder=\"0\" allow=\"accelerometer; autoplay; clipboard-write; encrypted-media; gyroscope; picture-in-picture; web-share\" allowfullscreen><\/iframe><\/p>\n<p>Matem\u00e1ticaExplicaci\u00f3n con videos de los 6 casos de factoreo<\/p>\n<p>Primer caso:\u00a0<a href=\"https:\/\/www.youtube.com\/watch?v=LL49bq1n1J4\" target=\"_blank\" rel=\"nofollow noopener\">https:\/\/www.youtube.com\/watch?v=LL49bq1n1J4<\/a><\/p>\n<p>Segundo caso:\u00a0<a href=\"https:\/\/www.youtube.com\/watch?v=bSnDrT48qqg\" target=\"_blank\" rel=\"nofollow noopener\">https:\/\/www.youtube.com\/watch?v=bSnDrT48qqg<\/a><br \/>\nOtros casos, para seguir con la gu\u00eda<br \/>\nTercer caso:\u00a0<a href=\"https:\/\/www.youtube.com\/watch?v=LaFtfRNS_DU\" target=\"_blank\" rel=\"nofollow noopener\">https:\/\/www.youtube.com\/watch?v=LaFtfRNS_DU<\/a><br \/>\nCuarto caso:\u00a0<a href=\"https:\/\/www.youtube.com\/watch?v=ovQxVuXz6RU\" target=\"_blank\" rel=\"nofollow noopener\">https:\/\/www.youtube.com\/watch?v=ovQxVuXz6RU<\/a><br \/>\nQuinto caso:\u00a0<a href=\"https:\/\/www.youtube.com\/watch?v=0GLHSC-I4CI\" target=\"_blank\" rel=\"nofollow noopener\">https:\/\/www.youtube.com\/watch?v=0GLHSC-I4CI<\/a><br \/>\nPara sexto caso, temas previos:\u00a0<a href=\"https:\/\/www.youtube.com\/watch?v=LlkJVGksex4\" target=\"_blank\" rel=\"nofollow noopener\">https:\/\/www.youtube.com\/watch?v=LlkJVGksex4<\/a><br \/>\nSexto caso:\u00a0<a href=\"https:\/\/www.youtube.com\/watch?v=ObB4t61B7tQ\" target=\"_blank\" rel=\"nofollow noopener\">https:\/\/www.youtube.com\/watch?v=ObB4t61B7tQ<\/a><\/p>\n<p><strong><a href=\"http:\/\/victorhutt.com.ar\/tpareaperimetro.doc\">Trabajo Pr\u00e1ctico \u00c1reas y Per\u00edmetros de figuras compuestas<\/a><\/strong><\/p>\n<p><a href=\"http:\/\/victorhutt.com.ar\/guiaexpalgfracc2.doc\">Segunda Gu\u00eda de Ejercicios de Expresiones algebraicas (para el examen)<\/a><\/p>\n<p><a href=\"http:\/\/victorhutt.com.ar\/ejercexpalgfracc.doc\">Ejercicios de Expresiones Algebraicas fraccionarias<\/a><\/p>\n<p><a href=\"http:\/\/victorhutt.com.ar\/ejercfactoreo.doc\">Ejercicios de factoreo<\/a><\/p>\n<p><strong><a href=\"http:\/\/victorhutt.com.ar\/wp-content\/uploads\/2023\/05\/ejercfactoreo.pdf\">ejercfactoreo en PDF<\/a><\/strong><\/p>\n<p><strong><a href=\"http:\/\/victorhutt.com.ar\/guiapolinomiosnueva.doc\">Guia de polinomios<\/a><\/strong><\/p>\n<p><a href=\"http:\/\/victorhutt.com.ar\/guiapolinomios.doc\">Gu\u00eda de Polinomios, extra<\/a><\/p>\n<p><a href=\"http:\/\/victorhutt.com.ar\/ejercradicales.doc\">Gu\u00eda de ejercicios de radicales<\/a><\/p>\n<p><a href=\"http:\/\/victorhutt.com.ar\/tpfuncionescuarto.doc\">Trabajo Pr\u00e1ctico de Funciones para 4\u00ba 3\u00aa<\/a><\/p>\n<p><strong><a href=\"http:\/\/victorhutt.com.ar\/ejercradicalesotro.doc\">Ejercicios de Radicales otro pr\u00e1ctico<\/a><\/strong><\/td>\n<td>Videos con explicaciones:<\/p>\n<p><a href=\"http:\/\/victorhutt.com.ar\/ejercicioselectrostatica.doc\">Gu\u00eda de ejercicios de Electrost\u00e1tica<\/a><\/p>\n<p><a href=\"http:\/\/victorhutt.com.ar\/ejercicioshidrostatica.doc\">Para 6\u00b0 3\u00b0 TM Colegio. Gu\u00eda de ejercicios de Hidrost\u00e1tica<\/a><\/p>\n<p><a href=\"http:\/\/victorhutt.com.ar\/tpmagnetismo.doc\">Trabajo Pr\u00e1ctico de Magnetismo<\/a><\/p>\n<p><a href=\"http:\/\/victorhutt.com.ar\/tphidrostatica63.doc\">Trabajo Pr\u00e1ctico Hidrost\u00e1tica<\/a><\/p>\n<p><a href=\"http:\/\/victorhutt.com.ar\/ejercicioselectricidad.doc\">Gu\u00eda de Ejercicios de Electricidad<\/a><\/p>\n<p>para imprimir:\u00a0<a href=\"http:\/\/victorhutt.com.ar\/hidrostatica.pdf\">hidrost\u00e1tica<\/a>,\u00a0<a href=\"http:\/\/victorhutt.com.ar\/flotacion.pdf\">flotaci\u00f3n<\/a>,\u00a0<a href=\"http:\/\/victorhutt.com.ar\/hidrodinamica.pdf\">hidrodin\u00e1mica<\/a><\/p>\n<p><a href=\"http:\/\/victorhutt.com.ar\/tpelectromagnetismo.doc\">Trabajo pr\u00e1ctico electromagnetismo, hacer clic<\/a><\/td>\n<\/tr>\n<tr>\n<td width=\"441\">para 5\u00ba 3\u00ba<\/p>\n<p><a href=\"http:\/\/victorhutt.com.ar\/tpfunciones.doc\">Trabajo Pr\u00e1ctico Funciones<\/a><\/p>\n<p><a href=\"http:\/\/victorhutt.com.ar\/tpfuncionlineal.doc\">Ejercicios de funci\u00f3n lineal<\/a><\/p>\n<p><a href=\"http:\/\/victorhutt.com.ar\/tpfuncionlineal.doc\">Trabajo Pr\u00e1ctico Funci\u00f3n Lineal<\/a><\/p>\n<p><em><u><a href=\"http:\/\/victorhutt.com.ar\/ejercicioscuadraticayecuacion.doc\">Gu\u00eda de Ejercicios: Funci\u00f3n Cuadr\u00e1tica y ecuaci\u00f3n de segundo grado<\/a><\/u><\/em><\/td>\n<td>Para 2\u00ba Colegio MAtem\u00e1tica<\/p>\n<p><a href=\"http:\/\/victorhutt.com.ar\/ejercexpalgsegundo.doc\">Gu\u00eda de ejercicios de expresiones algebraicas<\/a><\/td>\n<\/tr>\n<tr>\n<td width=\"441\">Para 5\u00ba Colegio &#8211; F\u00edsica<\/p>\n<p><a href=\"http:\/\/victorhutt.com.ar\/ejercicioscinematica.doc\">Ejercicios de Cinem\u00e1tica<\/a><\/p>\n<p><a href=\"http:\/\/victorhutt.com.ar\/formulascinematica.doc\">f\u00f3rmulas de cinem\u00e1tica<\/a><\/p>\n<p><a href=\"http:\/\/victorhutt.com.ar\/formulascinematicaydinamica.doc\">F\u00f3rmulas de cinem\u00e1tica y din\u00e1mica<\/a><\/p>\n<p><a href=\"http:\/\/victorhutt.com.ar\/ejerciciostrabajo.doc\">Ejercicios de Trabajo y Energ\u00eda<\/a><\/p>\n<p><a href=\"http:\/\/victorhutt.com.ar\/ejercicioscalorytemp.doc\">Ejercicios Calor y Temperarura<\/a><\/p>\n<p><a href=\"http:\/\/victorhutt.com.ar\/ejerciciosdinamica.doc\">Ejercicios de din\u00e1mica<\/a><\/p>\n<p><a href=\"http:\/\/victorhutt.com.ar\/tptrabajoyenergia.doc\">Trabajo Pr\u00e1ctico de Trabajo y Energ\u00eda<\/a><\/td>\n<td>Para 3\u00ba\u00a0 Colegio &#8211; Matem\u00e1tica<\/p>\n<p><a href=\"http:\/\/victorhutt.com.ar\/ejercfactoreo.doc\">Ejercicios de Factoreo<\/a><\/p>\n<p><a href=\"http:\/\/victorhutt.com.ar\/guiaproporcionesytrigonometria.doc\">Gu\u00eda de ejercicios de razones y proporciones y trigonometr\u00eda<\/a><\/p>\n<p><a href=\"http:\/\/victorhutt.com.ar\/guiafraccionesydecimales.doc\">Gu\u00eda de ejercicios con fraccionarios y decimales<\/a><\/p>\n<p><a href=\"http:\/\/victorhutt.com.ar\/tp13ro.doc\">Trabajo Pr\u00e1ctico grupal N\u00ba 1<\/a><\/p>\n<p><a href=\"http:\/\/victorhutt.com.ar\/guiaenteros.doc\">Gu\u00eda de ejercicios con n\u00fameros enteros<\/a><\/p>\n<p><a href=\"http:\/\/victorhutt.com.ar\/guiapolinomios.doc\">Gu\u00eda de ejercicios de polinomios<\/a><\/p>\n<p><a href=\"http:\/\/victorhutt.com.ar\/practicofunciones.doc\">Trabajo Pr\u00e1ctico de Funciones<\/a><\/td>\n<\/tr>\n<tr>\n<td width=\"441\">Para 1\u00ba D ESA 12<\/p>\n<p><a href=\"http:\/\/victorhutt.com.ar\/potencias.doc\">Tabla de Potencias para completar<\/a><\/p>\n<p><a href=\"http:\/\/victorhutt.com.ar\/apuntesgeometria.doc\">Apuntes de Geometr\u00eda<\/a><\/p>\n<p><a href=\"http:\/\/victorhutt.com.ar\/mat1guia.doc\">Gu\u00eda de ejercicios operaciones con n\u00fameros naturales, enteros, fraccionarios y decimles<\/a><\/td>\n<td>Para 3\u00ba A y B, ESA N\u00ba 12 Matem\u00e1tica Financiera<\/p>\n<p><a href=\"http:\/\/victorhutt.com.ar\/guiafinanciera.doc\">Gu\u00eda de ejercicios de Matem\u00e1tica Financiera<\/a><\/p>\n<p><a href=\"http:\/\/victorhutt.com.ar\/formulasdedescuento.doc\">F\u00f3rmulas de descuento<\/a><\/td>\n<\/tr>\n<\/tbody>\n<\/table>\n<p><script async=\"\" src=\"\/\/pagead2.googlesyndication.com\/pagead\/js\/adsbygoogle.js\"><\/script><br \/>\n<script><br \/>\n(adsbygoogle = window.adsbygoogle || []).push({<br \/>\ngoogle_ad_client: \"ca-pub-5399262514694933\",<br \/>\nenable_page_level_ads: true<br \/>\n});<br \/>\n<\/script><\/p>\n<div class=\"pvc_clear\"><\/div>\n<p id=\"pvc_stats_7\" class=\"pvc_stats all  \" data-element-id=\"7\" style=\"\"><i class=\"pvc-stats-icon medium\" aria-hidden=\"true\"><svg aria-hidden=\"true\" focusable=\"false\" data-prefix=\"far\" data-icon=\"chart-bar\" role=\"img\" xmlns=\"http:\/\/www.w3.org\/2000\/svg\" viewBox=\"0 0 512 512\" class=\"svg-inline--fa fa-chart-bar fa-w-16 fa-2x\"><path fill=\"currentColor\" d=\"M396.8 352h22.4c6.4 0 12.8-6.4 12.8-12.8V108.8c0-6.4-6.4-12.8-12.8-12.8h-22.4c-6.4 0-12.8 6.4-12.8 12.8v230.4c0 6.4 6.4 12.8 12.8 12.8zm-192 0h22.4c6.4 0 12.8-6.4 12.8-12.8V140.8c0-6.4-6.4-12.8-12.8-12.8h-22.4c-6.4 0-12.8 6.4-12.8 12.8v198.4c0 6.4 6.4 12.8 12.8 12.8zm96 0h22.4c6.4 0 12.8-6.4 12.8-12.8V204.8c0-6.4-6.4-12.8-12.8-12.8h-22.4c-6.4 0-12.8 6.4-12.8 12.8v134.4c0 6.4 6.4 12.8 12.8 12.8zM496 400H48V80c0-8.84-7.16-16-16-16H16C7.16 64 0 71.16 0 80v336c0 17.67 14.33 32 32 32h464c8.84 0 16-7.16 16-16v-16c0-8.84-7.16-16-16-16zm-387.2-48h22.4c6.4 0 12.8-6.4 12.8-12.8v-70.4c0-6.4-6.4-12.8-12.8-12.8h-22.4c-6.4 0-12.8 6.4-12.8 12.8v70.4c0 6.4 6.4 12.8 12.8 12.8z\" class=\"\"><\/path><\/svg><\/i> <img loading=\"lazy\" decoding=\"async\" width=\"16\" height=\"16\" alt=\"Loading\" src=\"https:\/\/victorhutt.com.ar\/wp-content\/plugins\/page-views-count\/ajax-loader-2x.gif\" border=0 \/><\/p>\n<div class=\"pvc_clear\"><\/div>\n","protected":false},"excerpt":{"rendered":"<p>P\u00e1gina de V\u00edctor, solo borrador victorhutt(arroba)victorhutt.com.ar Estudio sobre los salarios docentes de Entre R\u00edos Materiales sobre Did\u00e1ctica de la Matem\u00e1tica Para profesorados de Inicial, Especial y Primaria: Cuadernos para el aula, Matem\u00e1tica 1er grado 2do grado 3er grado 4to grado 5to grado 6to grado Lineamientos curriculares para la Educaci\u00f3n Inicial de la Provincia de Entre R\u00edos Parte 1\u00a0Parte 2\u00a0Parte 3 Dise\u00f1os curriculares de Primaria: Matem\u00e1tica Resoluci\u00f3n 475\/11: Dise\u00f1o Curricular de la Educaci\u00f3n Primaria de Entre R\u00edos Debido al gran tama\u00f1o del archivo hemos tenido que dividirlo en partes, tendr\u00e1n que ir pasando de una a otra y cada una tarda<\/p>\n<div class=\"pvc_clear\"><\/div>\n<p id=\"pvc_stats_7\" class=\"pvc_stats all  \" data-element-id=\"7\" style=\"\"><i class=\"pvc-stats-icon medium\" aria-hidden=\"true\"><svg aria-hidden=\"true\" focusable=\"false\" data-prefix=\"far\" data-icon=\"chart-bar\" role=\"img\" xmlns=\"http:\/\/www.w3.org\/2000\/svg\" viewBox=\"0 0 512 512\" class=\"svg-inline--fa fa-chart-bar fa-w-16 fa-2x\"><path fill=\"currentColor\" d=\"M396.8 352h22.4c6.4 0 12.8-6.4 12.8-12.8V108.8c0-6.4-6.4-12.8-12.8-12.8h-22.4c-6.4 0-12.8 6.4-12.8 12.8v230.4c0 6.4 6.4 12.8 12.8 12.8zm-192 0h22.4c6.4 0 12.8-6.4 12.8-12.8V140.8c0-6.4-6.4-12.8-12.8-12.8h-22.4c-6.4 0-12.8 6.4-12.8 12.8v198.4c0 6.4 6.4 12.8 12.8 12.8zm96 0h22.4c6.4 0 12.8-6.4 12.8-12.8V204.8c0-6.4-6.4-12.8-12.8-12.8h-22.4c-6.4 0-12.8 6.4-12.8 12.8v134.4c0 6.4 6.4 12.8 12.8 12.8zM496 400H48V80c0-8.84-7.16-16-16-16H16C7.16 64 0 71.16 0 80v336c0 17.67 14.33 32 32 32h464c8.84 0 16-7.16 16-16v-16c0-8.84-7.16-16-16-16zm-387.2-48h22.4c6.4 0 12.8-6.4 12.8-12.8v-70.4c0-6.4-6.4-12.8-12.8-12.8h-22.4c-6.4 0-12.8 6.4-12.8 12.8v70.4c0 6.4 6.4 12.8 12.8 12.8z\" class=\"\"><\/path><\/svg><\/i> <img loading=\"lazy\" decoding=\"async\" width=\"16\" height=\"16\" alt=\"Loading\" src=\"https:\/\/victorhutt.com.ar\/wp-content\/plugins\/page-views-count\/ajax-loader-2x.gif\" border=0 \/><\/p>\n<div class=\"pvc_clear\"><\/div>\n","protected":false},"author":1,"featured_media":0,"parent":0,"menu_order":0,"comment_status":"closed","ping_status":"closed","template":"","meta":{"om_disable_all_campaigns":false,"_monsterinsights_skip_tracking":false,"_monsterinsights_sitenote_active":false,"_monsterinsights_sitenote_note":"","_monsterinsights_sitenote_category":0,"footnotes":"","_links_to":"","_links_to_target":""},"class_list":["post-7","page","type-page","status-publish","hentry"],"_links":{"self":[{"href":"https:\/\/victorhutt.com.ar\/index.php\/wp-json\/wp\/v2\/pages\/7","targetHints":{"allow":["GET"]}}],"collection":[{"href":"https:\/\/victorhutt.com.ar\/index.php\/wp-json\/wp\/v2\/pages"}],"about":[{"href":"https:\/\/victorhutt.com.ar\/index.php\/wp-json\/wp\/v2\/types\/page"}],"author":[{"embeddable":true,"href":"https:\/\/victorhutt.com.ar\/index.php\/wp-json\/wp\/v2\/users\/1"}],"replies":[{"embeddable":true,"href":"https:\/\/victorhutt.com.ar\/index.php\/wp-json\/wp\/v2\/comments?post=7"}],"version-history":[{"count":8,"href":"https:\/\/victorhutt.com.ar\/index.php\/wp-json\/wp\/v2\/pages\/7\/revisions"}],"predecessor-version":[{"id":3125,"href":"https:\/\/victorhutt.com.ar\/index.php\/wp-json\/wp\/v2\/pages\/7\/revisions\/3125"}],"wp:attachment":[{"href":"https:\/\/victorhutt.com.ar\/index.php\/wp-json\/wp\/v2\/media?parent=7"}],"curies":[{"name":"wp","href":"https:\/\/api.w.org\/{rel}","templated":true}]}}